{"id":12,"date":"2021-08-31T11:18:50","date_gmt":"2021-08-31T11:18:50","guid":{"rendered":"https:\/\/joyasdiario.com\/?page_id=12"},"modified":"2022-06-15T19:19:33","modified_gmt":"2022-06-15T19:19:33","slug":"newsletter-joyas-diario","status":"publish","type":"page","link":"https:\/\/joyasdiario.com\/?page_id=12","title":{"rendered":"Joyas Diario Newsletter"},"content":{"rendered":"\t\t<div data-elementor-type=\"wp-page\" data-elementor-id=\"12\" class=\"elementor elementor-12\">\n\t\t\t\t\t\t\t\t\t<section class=\"elementor-section elementor-top-section elementor-element elementor-element-04dffa8 elementor-section-boxed elementor-section-height-default elementor-section-height-default\" data-id=\"04dffa8\" data-element_type=\"section\">\n\t\t\t\t\t\t<div class=\"elementor-container elementor-column-gap-default\">\n\t\t\t\t\t<div class=\"elementor-column elementor-col-100 elementor-top-column elementor-element elementor-element-e1f2453\" data-id=\"e1f2453\" data-element_type=\"column\">\n\t\t\t<div class=\"elementor-widget-wrap elementor-element-populated\">\n\t\t\t\t\t\t\t\t<div class=\"elementor-element elementor-element-5eb36b7 elementor-widget elementor-widget-text-editor\" data-id=\"5eb36b7\" data-element_type=\"widget\" data-widget_type=\"text-editor.default\">\n\t\t\t\t<div class=\"elementor-widget-container\">\n\t\t\t<style>\/*! elementor - v3.11.5 - 14-03-2023 *\/\n.elementor-widget-text-editor.elementor-drop-cap-view-stacked .elementor-drop-cap{background-color:#818a91;color:#fff}.elementor-widget-text-editor.elementor-drop-cap-view-framed .elementor-drop-cap{color:#818a91;border:3px solid;background-color:transparent}.elementor-widget-text-editor:not(.elementor-drop-cap-view-default) .elementor-drop-cap{margin-top:8px}.elementor-widget-text-editor:not(.elementor-drop-cap-view-default) .elementor-drop-cap-letter{width:1em;height:1em}.elementor-widget-text-editor .elementor-drop-cap{float:left;text-align:center;line-height:1;font-size:50px}.elementor-widget-text-editor .elementor-drop-cap-letter{display:inline-block}<\/style>\t\t\t\t<p>\u00b4\u00b4El equipo de Joyas Diario Newsletter se encarga de seleccionar y redactar para todos nuestros seguidores amantes de la joyer\u00eda, piezas muy especiales y exclusivas acompa\u00f1adas de historias maravillosas y de las ense\u00f1anzas que envuelven a cada pieza. Animamos a todos los joyeros y amantes de las joyas a contactar con nosotros para promocionar su empresa y joya especial\u00ab<\/p>\t\t\t\t\t\t<\/div>\n\t\t\t\t<\/div>\n\t\t\t\t\t<\/div>\n\t\t<\/div>\n\t\t\t\t\t\t\t<\/div>\n\t\t<\/section>\n\t\t\t\t<section class=\"elementor-section elementor-top-section elementor-element elementor-element-5fb70b5 elementor-section-boxed elementor-section-height-default elementor-section-height-default\" data-id=\"5fb70b5\" data-element_type=\"section\">\n\t\t\t\t\t\t<div class=\"elementor-container elementor-column-gap-default\">\n\t\t\t\t\t<div class=\"elementor-column elementor-col-100 elementor-top-column elementor-element elementor-element-24d01bf\" data-id=\"24d01bf\" data-element_type=\"column\">\n\t\t\t<div class=\"elementor-widget-wrap elementor-element-populated\">\n\t\t\t\t\t\t\t\t<div class=\"elementor-element elementor-element-239252b elementor-grid-2 elementor-grid-mobile-2 elementor-grid-tablet-2 elementor-posts--thumbnail-top elementor-widget elementor-widget-posts\" data-id=\"239252b\" data-element_type=\"widget\" data-settings=\"{&quot;classic_columns&quot;:&quot;2&quot;,&quot;classic_columns_mobile&quot;:&quot;2&quot;,&quot;classic_columns_tablet&quot;:&quot;2&quot;,&quot;classic_row_gap&quot;:{&quot;unit&quot;:&quot;px&quot;,&quot;size&quot;:35,&quot;sizes&quot;:[]},&quot;classic_row_gap_tablet&quot;:{&quot;unit&quot;:&quot;px&quot;,&quot;size&quot;:&quot;&quot;,&quot;sizes&quot;:[]},&quot;classic_row_gap_mobile&quot;:{&quot;unit&quot;:&quot;px&quot;,&quot;size&quot;:&quot;&quot;,&quot;sizes&quot;:[]}}\" data-widget_type=\"posts.classic\">\n\t\t\t\t<div class=\"elementor-widget-container\">\n\t\t\t<link rel=\"stylesheet\" href=\"https:\/\/joyasdiario.com\/wp-content\/plugins\/elementor-pro\/assets\/css\/widget-posts.min.css\">\t\t<div class=\"elementor-posts-container elementor-posts elementor-posts--skin-classic elementor-grid\">\r\n\t\t\t\t<article class=\"elementor-post elementor-grid-item post-5114 post type-post status-publish format-standard has-post-thumbnail hentry category-uncategorized\">\r\n\t\t\t\t<a class=\"elementor-post__thumbnail__link\" href=\"https:\/\/joyasdiario.com\/?p=5114\" >\r\n\t\t\t<div class=\"elementor-post__thumbnail\"><img loading=\"lazy\" decoding=\"async\" width=\"300\" height=\"201\" src=\"https:\/\/joyasdiario.com\/wp-content\/uploads\/2023\/03\/332042532_1121437178535438_2652971779772152378_n-300x201.jpg\" class=\"attachment-medium size-medium wp-image-5115\" alt=\"\" srcset=\"https:\/\/joyasdiario.com\/wp-content\/uploads\/2023\/03\/332042532_1121437178535438_2652971779772152378_n-300x201.jpg 300w, https:\/\/joyasdiario.com\/wp-content\/uploads\/2023\/03\/332042532_1121437178535438_2652971779772152378_n-768x514.jpg 768w, https:\/\/joyasdiario.com\/wp-content\/uploads\/2023\/03\/332042532_1121437178535438_2652971779772152378_n.jpg 807w\" sizes=\"auto, (max-width: 300px) 100vw, 300px\" \/><\/div>\r\n\t\t<\/a>\r\n\t\t\t\t<div class=\"elementor-post__text\">\r\n\t\t\t\t<h3 class=\"elementor-post__title\">\r\n\t\t\t<a href=\"https:\/\/joyasdiario.com\/?p=5114\" >\r\n\t\t\t\t#News: \u00danico y magn\u00edfico collar de perlas naturales con diamantes &#8216;THE GULF PEARL PARURE\u2019.\t\t\t<\/a>\r\n\t\t<\/h3>\r\n\t\t\t\t<div class=\"elementor-post__meta-data\">\r\n\t\t\t\t\t<span class=\"elementor-post-date\">\r\n\t\t\t03\/05\/2023\t\t<\/span>\r\n\t\t\t\t<span class=\"elementor-post-avatar\">\r\n\t\t\tNo hay comentarios\t\t<\/span>\r\n\t\t\t\t<\/div>\r\n\t\t\t\t<div class=\"elementor-post__excerpt\">\r\n\t\t\t<p>El collar dise\u00f1ado como una franja graduada de once gotas de perlas naturales con un peso de 122,84 granos (30,71 quilates) a 33,00 granos (8,25<\/p>\n\t\t<\/div>\r\n\t\t\r\n\t\t<a class=\"elementor-post__read-more\" href=\"https:\/\/joyasdiario.com\/?p=5114\" >\r\n\t\t\tLeer mas \u00bb\t\t<\/a>\r\n\r\n\t\t\t\t<\/div>\r\n\t\t\t\t<\/article>\r\n\t\t\t\t<article class=\"elementor-post elementor-grid-item post-5104 post type-post status-publish format-standard has-post-thumbnail hentry category-uncategorized\">\r\n\t\t\t\t<a class=\"elementor-post__thumbnail__link\" href=\"https:\/\/joyasdiario.com\/?p=5104\" >\r\n\t\t\t<div class=\"elementor-post__thumbnail\"><img loading=\"lazy\" decoding=\"async\" width=\"300\" height=\"170\" src=\"https:\/\/joyasdiario.com\/wp-content\/uploads\/2023\/03\/327146773_879935556578765_8302944273104564123_n-300x170.jpg\" class=\"attachment-medium size-medium wp-image-5108\" alt=\"\" srcset=\"https:\/\/joyasdiario.com\/wp-content\/uploads\/2023\/03\/327146773_879935556578765_8302944273104564123_n-300x170.jpg 300w, https:\/\/joyasdiario.com\/wp-content\/uploads\/2023\/03\/327146773_879935556578765_8302944273104564123_n.jpg 600w\" sizes=\"auto, (max-width: 300px) 100vw, 300px\" \/><\/div>\r\n\t\t<\/a>\r\n\t\t\t\t<div class=\"elementor-post__text\">\r\n\t\t\t\t<h3 class=\"elementor-post__title\">\r\n\t\t\t<a href=\"https:\/\/joyasdiario.com\/?p=5104\" >\r\n\t\t\t\t#News: zAfiro estrella \u00fanico en el mundo de 34 quilates y con n\u00facleo transparente. este cabuj\u00f3n consta de un n\u00facleo pseudohexagonal amarillo transparente en un \u00e1rea opaca de aspecto met\u00e1lico.\t\t\t<\/a>\r\n\t\t<\/h3>\r\n\t\t\t\t<div class=\"elementor-post__meta-data\">\r\n\t\t\t\t\t<span class=\"elementor-post-date\">\r\n\t\t\t03\/05\/2023\t\t<\/span>\r\n\t\t\t\t<span class=\"elementor-post-avatar\">\r\n\t\t\tNo hay comentarios\t\t<\/span>\r\n\t\t\t\t<\/div>\r\n\t\t\t\t<div class=\"elementor-post__excerpt\">\r\n\t\t\t<p>Los \u00edndices de refracci\u00f3n puntuales (IR) en ambas \u00e1reas fueron de 1,76 y la gravedad espec\u00edfica (SG) fue de 4,04. Esta apariencia de una ventana<\/p>\n\t\t<\/div>\r\n\t\t\r\n\t\t<a class=\"elementor-post__read-more\" href=\"https:\/\/joyasdiario.com\/?p=5104\" >\r\n\t\t\tLeer mas \u00bb\t\t<\/a>\r\n\r\n\t\t\t\t<\/div>\r\n\t\t\t\t<\/article>\r\n\t\t\t\t<article class=\"elementor-post elementor-grid-item post-5092 post type-post status-publish format-standard has-post-thumbnail hentry category-uncategorized\">\r\n\t\t\t\t<a class=\"elementor-post__thumbnail__link\" href=\"https:\/\/joyasdiario.com\/?p=5092\" >\r\n\t\t\t<div class=\"elementor-post__thumbnail\"><img loading=\"lazy\" decoding=\"async\" width=\"217\" height=\"300\" src=\"https:\/\/joyasdiario.com\/wp-content\/uploads\/2023\/01\/323628646_1382112305861628_7053426757585938907_n-217x300.jpg\" class=\"attachment-medium size-medium wp-image-5093\" alt=\"\" srcset=\"https:\/\/joyasdiario.com\/wp-content\/uploads\/2023\/01\/323628646_1382112305861628_7053426757585938907_n-217x300.jpg 217w, https:\/\/joyasdiario.com\/wp-content\/uploads\/2023\/01\/323628646_1382112305861628_7053426757585938907_n.jpg 433w\" sizes=\"auto, (max-width: 217px) 100vw, 217px\" \/><\/div>\r\n\t\t<\/a>\r\n\t\t\t\t<div class=\"elementor-post__text\">\r\n\t\t\t\t<h3 class=\"elementor-post__title\">\r\n\t\t\t<a href=\"https:\/\/joyasdiario.com\/?p=5092\" >\r\n\t\t\t\t#NEWS: Los rayos ca\u00eddos del cielo durante las tormentas el\u00e9ctricas transformados en las piedras m\u00e1s coloridas. El \u00f3palo.\t\t\t<\/a>\r\n\t\t<\/h3>\r\n\t\t\t\t<div class=\"elementor-post__meta-data\">\r\n\t\t\t\t\t<span class=\"elementor-post-date\">\r\n\t\t\t01\/08\/2023\t\t<\/span>\r\n\t\t\t\t<span class=\"elementor-post-avatar\">\r\n\t\t\tNo hay comentarios\t\t<\/span>\r\n\t\t\t\t<\/div>\r\n\t\t\t\t<div class=\"elementor-post__excerpt\">\r\n\t\t\t<p>Debido a que el \u00f3palo tiene los colores de otras gemas, los romanos pensaban que era la m\u00e1s preciosa y poderosa de todas.Las minas de<\/p>\n\t\t<\/div>\r\n\t\t\r\n\t\t<a class=\"elementor-post__read-more\" href=\"https:\/\/joyasdiario.com\/?p=5092\" >\r\n\t\t\tLeer mas \u00bb\t\t<\/a>\r\n\r\n\t\t\t\t<\/div>\r\n\t\t\t\t<\/article>\r\n\t\t\t\t<article class=\"elementor-post elementor-grid-item post-5086 post type-post status-publish format-standard has-post-thumbnail hentry category-uncategorized\">\r\n\t\t\t\t<a class=\"elementor-post__thumbnail__link\" href=\"https:\/\/joyasdiario.com\/?p=5086\" >\r\n\t\t\t<div class=\"elementor-post__thumbnail\"><img loading=\"lazy\" decoding=\"async\" width=\"300\" height=\"148\" src=\"https:\/\/joyasdiario.com\/wp-content\/uploads\/2023\/01\/317074675_870547351040107_701879810786853230_n-300x148.jpg\" class=\"attachment-medium size-medium wp-image-5087\" alt=\"\" srcset=\"https:\/\/joyasdiario.com\/wp-content\/uploads\/2023\/01\/317074675_870547351040107_701879810786853230_n-300x148.jpg 300w, https:\/\/joyasdiario.com\/wp-content\/uploads\/2023\/01\/317074675_870547351040107_701879810786853230_n-768x378.jpg 768w, https:\/\/joyasdiario.com\/wp-content\/uploads\/2023\/01\/317074675_870547351040107_701879810786853230_n.jpg 927w\" sizes=\"auto, (max-width: 300px) 100vw, 300px\" \/><\/div>\r\n\t\t<\/a>\r\n\t\t\t\t<div class=\"elementor-post__text\">\r\n\t\t\t\t<h3 class=\"elementor-post__title\">\r\n\t\t\t<a href=\"https:\/\/joyasdiario.com\/?p=5086\" >\r\n\t\t\t\t#News: \u00bfQu\u00e9 familia real tiene la colecci\u00f3n de tiaras m\u00e1s cara del mundo?\t\t\t<\/a>\r\n\t\t<\/h3>\r\n\t\t\t\t<div class=\"elementor-post__meta-data\">\r\n\t\t\t\t\t<span class=\"elementor-post-date\">\r\n\t\t\t01\/08\/2023\t\t<\/span>\r\n\t\t\t\t<span class=\"elementor-post-avatar\">\r\n\t\t\tNo hay comentarios\t\t<\/span>\r\n\t\t\t\t<\/div>\r\n\t\t\t\t<div class=\"elementor-post__excerpt\">\r\n\t\t\t<p>Hemos analizado las joyas de ocho familias reales europeas y las tiaras usadas en las tres bodas reales m\u00e1s recientes del \u00faltimo siglo de cada<\/p>\n\t\t<\/div>\r\n\t\t\r\n\t\t<a class=\"elementor-post__read-more\" href=\"https:\/\/joyasdiario.com\/?p=5086\" >\r\n\t\t\tLeer mas \u00bb\t\t<\/a>\r\n\r\n\t\t\t\t<\/div>\r\n\t\t\t\t<\/article>\r\n\t\t\t\t<article class=\"elementor-post elementor-grid-item post-5066 post type-post status-publish format-standard has-post-thumbnail hentry category-uncategorized\">\r\n\t\t\t\t<a class=\"elementor-post__thumbnail__link\" href=\"https:\/\/joyasdiario.com\/?p=5066\" >\r\n\t\t\t<div class=\"elementor-post__thumbnail\"><img loading=\"lazy\" decoding=\"async\" width=\"300\" height=\"200\" src=\"https:\/\/joyasdiario.com\/wp-content\/uploads\/2022\/10\/307380485_823059035788939_3105225830153512413_n-300x200.jpg\" class=\"attachment-medium size-medium wp-image-5067\" alt=\"\" srcset=\"https:\/\/joyasdiario.com\/wp-content\/uploads\/2022\/10\/307380485_823059035788939_3105225830153512413_n-300x200.jpg 300w, https:\/\/joyasdiario.com\/wp-content\/uploads\/2022\/10\/307380485_823059035788939_3105225830153512413_n.jpg 592w\" sizes=\"auto, (max-width: 300px) 100vw, 300px\" \/><\/div>\r\n\t\t<\/a>\r\n\t\t\t\t<div class=\"elementor-post__text\">\r\n\t\t\t\t<h3 class=\"elementor-post__title\">\r\n\t\t\t<a href=\"https:\/\/joyasdiario.com\/?p=5066\" >\r\n\t\t\t\t#News: La violeta de Argyle. El diamante violeta m\u00e1s grande descubierto.\t\t\t<\/a>\r\n\t\t<\/h3>\r\n\t\t\t\t<div class=\"elementor-post__meta-data\">\r\n\t\t\t\t\t<span class=\"elementor-post-date\">\r\n\t\t\t10\/23\/2022\t\t<\/span>\r\n\t\t\t\t<span class=\"elementor-post-avatar\">\r\n\t\t\tNo hay comentarios\t\t<\/span>\r\n\t\t\t\t<\/div>\r\n\t\t\t\t<div class=\"elementor-post__excerpt\">\r\n\t\t\t<p>The Argyle Violet es tanto una belleza m\u00edstica como un diamante de importancia hist\u00f3rica. El preciado diamante en bruto, de 9,17 quilates, fue hallado en<\/p>\n\t\t<\/div>\r\n\t\t\r\n\t\t<a class=\"elementor-post__read-more\" href=\"https:\/\/joyasdiario.com\/?p=5066\" >\r\n\t\t\tLeer mas \u00bb\t\t<\/a>\r\n\r\n\t\t\t\t<\/div>\r\n\t\t\t\t<\/article>\r\n\t\t\t\t<article class=\"elementor-post elementor-grid-item post-5056 post type-post status-publish format-standard has-post-thumbnail hentry category-uncategorized\">\r\n\t\t\t\t<a class=\"elementor-post__thumbnail__link\" href=\"https:\/\/joyasdiario.com\/?p=5056\" >\r\n\t\t\t<div class=\"elementor-post__thumbnail\"><img loading=\"lazy\" decoding=\"async\" width=\"300\" height=\"225\" src=\"https:\/\/joyasdiario.com\/wp-content\/uploads\/2022\/10\/300760202_799152021512974_805352648301272208_n-300x225.jpg\" class=\"attachment-medium size-medium wp-image-5058\" alt=\"\" srcset=\"https:\/\/joyasdiario.com\/wp-content\/uploads\/2022\/10\/300760202_799152021512974_805352648301272208_n-300x225.jpg 300w, https:\/\/joyasdiario.com\/wp-content\/uploads\/2022\/10\/300760202_799152021512974_805352648301272208_n.jpg 600w\" sizes=\"auto, (max-width: 300px) 100vw, 300px\" \/><\/div>\r\n\t\t<\/a>\r\n\t\t\t\t<div class=\"elementor-post__text\">\r\n\t\t\t\t<h3 class=\"elementor-post__title\">\r\n\t\t\t<a href=\"https:\/\/joyasdiario.com\/?p=5056\" >\r\n\t\t\t\t#News: \u00bfCu\u00e1nto n\u00e1car ten\u00e9is en casa y no lo sab\u00edais?\t\t\t<\/a>\r\n\t\t<\/h3>\r\n\t\t\t\t<div class=\"elementor-post__meta-data\">\r\n\t\t\t\t\t<span class=\"elementor-post-date\">\r\n\t\t\t10\/23\/2022\t\t<\/span>\r\n\t\t\t\t<span class=\"elementor-post-avatar\">\r\n\t\t\tNo hay comentarios\t\t<\/span>\r\n\t\t\t\t<\/div>\r\n\t\t\t\t<div class=\"elementor-post__excerpt\">\r\n\t\t\t<p>El n\u00e1car, tambi\u00e9n llamado madreperla, es una sustancia org\u00e1nica, ya consolidada, dura, blanca, brillante y con reflejos iridiscentes. Iridiscencia es un fen\u00f3meno \u00f3ptico donde en<\/p>\n\t\t<\/div>\r\n\t\t\r\n\t\t<a class=\"elementor-post__read-more\" href=\"https:\/\/joyasdiario.com\/?p=5056\" >\r\n\t\t\tLeer mas \u00bb\t\t<\/a>\r\n\r\n\t\t\t\t<\/div>\r\n\t\t\t\t<\/article>\r\n\t\t\t\t<\/div>\r\n\r\n\r\n\t\t\r\n\t\t\t\t<\/div>\n\t\t\t\t<\/div>\n\t\t\t\t\t<\/div>\n\t\t<\/div>\n\t\t\t\t\t\t\t<\/div>\n\t\t<\/section>\n\t\t\t\t\t\t\t<\/div>\n\t\t","protected":false},"excerpt":{"rendered":"<p>\u00b4\u00b4El equipo de Joyas Diario Newsletter se encarga de seleccionar y redactar para todos nuestros seguidores amantes de la joyer\u00eda, piezas muy especiales y exclusivas acompa\u00f1adas de historias maravillosas y de las ense\u00f1anzas que envuelven a cada pieza. Animamos a todos los joyeros y amantes de las joyas a contactar con nosotros para promocionar su &hellip;<\/p>\n<p class=\"read-more\"> <a class=\"\" href=\"https:\/\/joyasdiario.com\/?p=5056\"> <span class=\"screen-reader-text\">#News: \u00bfCu\u00e1nto n\u00e1car ten\u00e9is en casa y no lo sab\u00edais?<\/span> Leer m\u00e1s &raquo;<\/a><\/p>\n","protected":false},"author":1,"featured_media":0,"parent":0,"menu_order":20,"comment_status":"closed","ping_status":"closed","template":"","meta":{"_mi_skip_tracking":false,"site-sidebar-layout":"no-sidebar","site-content-layout":"page-builder","ast-global-header-display":"","ast-main-header-display":"","ast-hfb-above-header-display":"","ast-hfb-below-header-display":"","ast-hfb-mobile-header-display":"","site-post-title":"disabled","ast-breadcrumbs-content":"","ast-featured-img":"disabled","footer-sml-layout":"","theme-transparent-header-meta":"default","adv-header-id-meta":"","stick-header-meta":"","header-above-stick-meta":"","header-main-stick-meta":"","header-below-stick-meta":"","footnotes":""},"class_list":["post-12","page","type-page","status-publish","hentry"],"yoast_head":"<!-- This site is optimized with the Yoast SEO plugin v20.4 - https:\/\/yoast.com\/wordpress\/plugins\/seo\/ -->\n<title>Joyas Diario Newsletter - Joyas Diario<\/title>\n<meta name=\"description\" content=\"Nuestra Newsletter est\u00e1 enfocada a los amantes joyeros. Contamos historias y aprendizajes de piedras y joyas desconocidas.\" \/>\n<meta name=\"robots\" content=\"index, follow, max-snippet:-1, max-image-preview:large, max-video-preview:-1\" \/>\n<link rel=\"canonical\" href=\"https:\/\/joyasdiario.com\/?page_id=12\" \/>\n<meta property=\"og:locale\" content=\"es_ES\" \/>\n<meta property=\"og:type\" content=\"article\" \/>\n<meta property=\"og:title\" content=\"Joyas Diario Newsletter - Joyas Diario\" \/>\n<meta property=\"og:description\" content=\"Nuestra Newsletter est\u00e1 enfocada a los amantes joyeros. Contamos historias y aprendizajes de piedras y joyas desconocidas.\" \/>\n<meta property=\"og:url\" content=\"https:\/\/joyasdiario.com\/?page_id=12\" \/>\n<meta property=\"og:site_name\" content=\"Joyas Diario\" \/>\n<meta property=\"article:modified_time\" content=\"2022-06-15T19:19:33+00:00\" \/>\n<meta name=\"twitter:card\" content=\"summary_large_image\" \/>\n<meta name=\"twitter:label1\" content=\"Tiempo de lectura\" \/>\n\t<meta name=\"twitter:data1\" content=\"1 minuto\" \/>\n<script type=\"application\/ld+json\" class=\"yoast-schema-graph\">{\"@context\":\"https:\/\/schema.org\",\"@graph\":[{\"@type\":[\"WebPage\",\"CollectionPage\"],\"@id\":\"https:\/\/joyasdiario.com\/?page_id=12\",\"url\":\"https:\/\/joyasdiario.com\/?page_id=12\",\"name\":\"Joyas Diario Newsletter - Joyas Diario\",\"isPartOf\":{\"@id\":\"https:\/\/joyasdiario.com\/#website\"},\"datePublished\":\"2021-08-31T11:18:50+00:00\",\"dateModified\":\"2022-06-15T19:19:33+00:00\",\"description\":\"Nuestra Newsletter est\u00e1 enfocada a los amantes joyeros. Contamos historias y aprendizajes de piedras y joyas desconocidas.\",\"breadcrumb\":{\"@id\":\"https:\/\/joyasdiario.com\/?page_id=12#breadcrumb\"},\"inLanguage\":\"es\"},{\"@type\":\"BreadcrumbList\",\"@id\":\"https:\/\/joyasdiario.com\/?page_id=12#breadcrumb\",\"itemListElement\":[{\"@type\":\"ListItem\",\"position\":1,\"name\":\"Portada\",\"item\":\"https:\/\/joyasdiario.com\/\"},{\"@type\":\"ListItem\",\"position\":2,\"name\":\"Joyas Diario Newsletter\"}]},{\"@type\":\"WebSite\",\"@id\":\"https:\/\/joyasdiario.com\/#website\",\"url\":\"https:\/\/joyasdiario.com\/\",\"name\":\"Joyas Diario\",\"description\":\"\",\"publisher\":{\"@id\":\"https:\/\/joyasdiario.com\/#organization\"},\"potentialAction\":[{\"@type\":\"SearchAction\",\"target\":{\"@type\":\"EntryPoint\",\"urlTemplate\":\"https:\/\/joyasdiario.com\/?s={search_term_string}\"},\"query-input\":\"required name=search_term_string\"}],\"inLanguage\":\"es\"},{\"@type\":\"Organization\",\"@id\":\"https:\/\/joyasdiario.com\/#organization\",\"name\":\"Joyas Diario\",\"url\":\"https:\/\/joyasdiario.com\/\",\"logo\":{\"@type\":\"ImageObject\",\"inLanguage\":\"es\",\"@id\":\"https:\/\/joyasdiario.com\/#\/schema\/logo\/image\/\",\"url\":\"https:\/\/joyasdiario.com\/wp-content\/uploads\/2021\/08\/cropped-Joyas-diario-logo-web.png\",\"contentUrl\":\"https:\/\/joyasdiario.com\/wp-content\/uploads\/2021\/08\/cropped-Joyas-diario-logo-web.png\",\"width\":226,\"height\":151,\"caption\":\"Joyas Diario\"},\"image\":{\"@id\":\"https:\/\/joyasdiario.com\/#\/schema\/logo\/image\/\"}}]}<\/script>\n<!-- \/ Yoast SEO plugin. -->","yoast_head_json":{"title":"Joyas Diario Newsletter - Joyas Diario","description":"Nuestra Newsletter est\u00e1 enfocada a los amantes joyeros. Contamos historias y aprendizajes de piedras y joyas desconocidas.","robots":{"index":"index","follow":"follow","max-snippet":"max-snippet:-1","max-image-preview":"max-image-preview:large","max-video-preview":"max-video-preview:-1"},"canonical":"https:\/\/joyasdiario.com\/?page_id=12","og_locale":"es_ES","og_type":"article","og_title":"Joyas Diario Newsletter - Joyas Diario","og_description":"Nuestra Newsletter est\u00e1 enfocada a los amantes joyeros. Contamos historias y aprendizajes de piedras y joyas desconocidas.","og_url":"https:\/\/joyasdiario.com\/?page_id=12","og_site_name":"Joyas Diario","article_modified_time":"2022-06-15T19:19:33+00:00","twitter_card":"summary_large_image","twitter_misc":{"Tiempo de lectura":"1 minuto"},"schema":{"@context":"https:\/\/schema.org","@graph":[{"@type":["WebPage","CollectionPage"],"@id":"https:\/\/joyasdiario.com\/?page_id=12","url":"https:\/\/joyasdiario.com\/?page_id=12","name":"Joyas Diario Newsletter - Joyas Diario","isPartOf":{"@id":"https:\/\/joyasdiario.com\/#website"},"datePublished":"2021-08-31T11:18:50+00:00","dateModified":"2022-06-15T19:19:33+00:00","description":"Nuestra Newsletter est\u00e1 enfocada a los amantes joyeros. Contamos historias y aprendizajes de piedras y joyas desconocidas.","breadcrumb":{"@id":"https:\/\/joyasdiario.com\/?page_id=12#breadcrumb"},"inLanguage":"es"},{"@type":"BreadcrumbList","@id":"https:\/\/joyasdiario.com\/?page_id=12#breadcrumb","itemListElement":[{"@type":"ListItem","position":1,"name":"Portada","item":"https:\/\/joyasdiario.com\/"},{"@type":"ListItem","position":2,"name":"Joyas Diario Newsletter"}]},{"@type":"WebSite","@id":"https:\/\/joyasdiario.com\/#website","url":"https:\/\/joyasdiario.com\/","name":"Joyas Diario","description":"","publisher":{"@id":"https:\/\/joyasdiario.com\/#organization"},"potentialAction":[{"@type":"SearchAction","target":{"@type":"EntryPoint","urlTemplate":"https:\/\/joyasdiario.com\/?s={search_term_string}"},"query-input":"required name=search_term_string"}],"inLanguage":"es"},{"@type":"Organization","@id":"https:\/\/joyasdiario.com\/#organization","name":"Joyas Diario","url":"https:\/\/joyasdiario.com\/","logo":{"@type":"ImageObject","inLanguage":"es","@id":"https:\/\/joyasdiario.com\/#\/schema\/logo\/image\/","url":"https:\/\/joyasdiario.com\/wp-content\/uploads\/2021\/08\/cropped-Joyas-diario-logo-web.png","contentUrl":"https:\/\/joyasdiario.com\/wp-content\/uploads\/2021\/08\/cropped-Joyas-diario-logo-web.png","width":226,"height":151,"caption":"Joyas Diario"},"image":{"@id":"https:\/\/joyasdiario.com\/#\/schema\/logo\/image\/"}}]}},"_links":{"self":[{"href":"https:\/\/joyasdiario.com\/index.php?rest_route=\/wp\/v2\/pages\/12","targetHints":{"allow":["GET"]}}],"collection":[{"href":"https:\/\/joyasdiario.com\/index.php?rest_route=\/wp\/v2\/pages"}],"about":[{"href":"https:\/\/joyasdiario.com\/index.php?rest_route=\/wp\/v2\/types\/page"}],"author":[{"embeddable":true,"href":"https:\/\/joyasdiario.com\/index.php?rest_route=\/wp\/v2\/users\/1"}],"replies":[{"embeddable":true,"href":"https:\/\/joyasdiario.com\/index.php?rest_route=%2Fwp%2Fv2%2Fcomments&post=12"}],"version-history":[{"count":29,"href":"https:\/\/joyasdiario.com\/index.php?rest_route=\/wp\/v2\/pages\/12\/revisions"}],"predecessor-version":[{"id":935,"href":"https:\/\/joyasdiario.com\/index.php?rest_route=\/wp\/v2\/pages\/12\/revisions\/935"}],"wp:attachment":[{"href":"https:\/\/joyasdiario.com\/index.php?rest_route=%2Fwp%2Fv2%2Fmedia&parent=12"}],"curies":[{"name":"wp","href":"https:\/\/api.w.org\/{rel}","templated":true}]}}